{"id":11687,"date":"2017-10-17T07:28:41","date_gmt":"2017-10-17T07:28:41","guid":{"rendered":"http:\/\/gt3demo.com\/wp\/listingeasy\/?page_id=11687"},"modified":"2022-10-10T18:14:27","modified_gmt":"2022-10-10T16:14:27","slug":"accueil","status":"publish","type":"page","link":"https:\/\/hegmaconseils.com\/","title":{"rendered":"Accueil"},"content":{"rendered":"[vc_row full_width=\u00a0\u00bbstretch_row\u00a0\u00bb css=\u00a0\u00bb.vc_custom_1513566044914{background-color: #ffffff !important;background-position: center !important;background-repeat: no-repeat !important;background-size: cover !important;}\u00a0\u00bb el_id=\u00a0\u00bbventes-actuelles\u00a0\u00bb][vc_column css=\u00a0\u00bb.vc_custom_1508502007650{padding-top: 0px !important;}\u00a0\u00bb][vc_column_text css=\u00a0\u00bb.vc_custom_1512538379637{margin-bottom: 10px !important;padding-top: 0px !important;padding-right: 10px !important;padding-bottom: 10px !important;padding-left: 10px !important;background-color: #ffffff !important;}\u00a0\u00bb[vc_column_text]\n<h2 style=\"text-align: center;\">Ventes r\u00e9sidentielles en cours<\/h2>\n<p style=\"text-align: center;\">Logements \u00e0 la vente actuellement<\/p>\n[\/vc_column_text][gt3_listing_grid per_page=\u00a0\u00bb9&Prime; orderby=\u00a0\u00bbdate\u00a0\u00bb show_filters=\u00a0\u00bb\u00a0\u00bb categories=\u00a0\u00bb51&Prime; location=\u00a0\u00bb\u00a0\u00bb use_carousel=\u00a0\u00bbyes\u00a0\u00bb auto_play_time=\u00a0\u00bb1000&Prime; use_pagination_carousel=\u00a0\u00bb\u00a0\u00bb use_prev_next_carousel=\u00a0\u00bbyes\u00a0\u00bb][gt3_spacing height=\u00a0\u00bb10px\u00a0\u00bb responsive_es=\u00a0\u00bbtrue\u00a0\u00bb height_size_sm_desktop=\u00a0\u00bb50px\u00a0\u00bb][\/vc_column][\/vc_row][vc_row full_width=\u00a0\u00bbstretch_row\u00a0\u00bb css=\u00a0\u00bb.vc_custom_1513566212226{background-image: url(http:\/\/hegmaconseils.com\/wp-content\/uploads\/2017\/12\/MOINSDE3.jpg?id=12728) !important;background-position: center !important;background-repeat: no-repeat !important;background-size: cover !important;}\u00a0\u00bb el_id=\u00a0\u00bbservices\u00a0\u00bb][vc_column][gt3_spacing height=\u00a0\u00bb10px\u00a0\u00bb responsive_es=\u00a0\u00bbtrue\u00a0\u00bb height_size_sm_desktop=\u00a0\u00bb20&Prime; height_mobile=\u00a0\u00bb20&Prime;][vc_row_inner][gt3_custom_text text_color=\u00a0\u00bb#ffffff\u00a0\u00bb font_size=\u00a0\u00bb50&Prime; line_height=\u00a0\u00bb100&Prime; responsive_font=\u00a0\u00bbtrue\u00a0\u00bb font_size_mobile=\u00a0\u00bb14&Prime;]\n<h2 style=\"text-align: center;\"><span style=\"font-size: 18pt;\">L&rsquo;achat ou la vente de son logement est \u00ab\u00a0l&rsquo;affaire de sa vie\u00a0\u00bb<\/span><\/h2>\n[\/gt3_custom_text][gt3_custom_text text_color=\u00a0\u00bb#ffffff\u00a0\u00bb font_size=\u00a0\u00bb30&Prime; line_height=\u00a0\u00bb80&Prime; responsive_font=\u00a0\u00bbtrue\u00a0\u00bb font_size_mobile=\u00a0\u00bb12&Prime;]\n<p style=\"text-align: center;\"><span class=\"gt3_font-weight\" style=\"font-size: 14pt;\">c&rsquo;est pourquoi nous avons constitu\u00e9 les<br \/>\n<\/span><\/p>\n[\/gt3_custom_text][gt3_custom_text text_color=\u00a0\u00bb#ffffff\u00a0\u00bb font_size=\u00a0\u00bb70&Prime; line_height=\u00a0\u00bb100&Prime; responsive_font=\u00a0\u00bbtrue\u00a0\u00bb font_size_mobile=\u00a0\u00bb18&Prime;]\n<h2 style=\"text-align: center;\"><span style=\"font-size: 14pt;\"><span style=\"font-size: 18pt;\">Centres de Services Immobiliers \u00ae\u2122<\/span><br \/>\n<\/span><\/h2>\n[\/gt3_custom_text][gt3_custom_text text_color=\u00a0\u00bb#ffffff\u00a0\u00bb font_size=\u00a0\u00bb30&Prime; line_height=\u00a0\u00bb80&Prime; responsive_font=\u00a0\u00bbtrue\u00a0\u00bb font_size_mobile=\u00a0\u00bb12&Prime;]\n<h3 style=\"text-align: center;\"><span style=\"font-size: 14pt;\">pour r\u00e9soudre toutes les difficult\u00e9s et obtenir le meilleur prix !<\/span><\/h3>\n<h3 style=\"text-align: center;\"><span style=\"font-size: 14pt;\">Notre r\u00e9seau de partenaires se tient au service de votre r\u00e9ussite : <\/span><\/h3>\n<h3 style=\"text-align: center;\"><span><span style=\"font-size: 14pt;\">notaires,\u00a0 avocats, architectes, courtiers cr\u00e9dit, entrepreneurs<\/span><br \/>\n<\/span><\/h3>\n[\/gt3_custom_text][gt3_spacing height=\u00a0\u00bb20px\u00a0\u00bb][gt3_spacing height=\u00a0\u00bb20px\u00a0\u00bb responsive_es=\u00a0\u00bbtrue\u00a0\u00bb height_mobile=\u00a0\u00bb20&Prime; height_size_sm_desktop=\u00a0\u00bb20&Prime;][\/vc_row_inner][\/vc_column][\/vc_row][vc_row full_width=\u00a0\u00bbstretch_row\u00a0\u00bb el_id=\u00a0\u00bbventes-passees\u00a0\u00bb][vc_column][gt3_spacing height=\u00a0\u00bb10px\u00a0\u00bb responsive_es=\u00a0\u00bbtrue\u00a0\u00bb height_size_sm_desktop=\u00a0\u00bb20&Prime; height_mobile=\u00a0\u00bb20&Prime;][vc_row_inner][gt3_custom_text text_color=\u00a0\u00bb#ffffff\u00a0\u00bb font_size=\u00a0\u00bb50&Prime; line_height=\u00a0\u00bb100&Prime; responsive_font=\u00a0\u00bbtrue\u00a0\u00bb font_size_mobile=\u00a0\u00bb14&Prime;]\n<h2 style=\"text-align: center;\">Ventes finalis\u00e9es r\u00e9cemment<\/h2>\n<p style=\"text-align: center;\">Quelques exemples de ventes conclues<\/p>\n[gt3_listing_grid per_page=\u00a0\u00bb9&Prime; orderby=\u00a0\u00bbdate\u00a0\u00bb show_filters=\u00a0\u00bb\u00a0\u00bb categories=\u00a0\u00bb79&Prime; location=\u00a0\u00bb\u00a0\u00bb use_carousel=\u00a0\u00bbyes\u00a0\u00bb auto_play_time=\u00a0\u00bb3000&Prime; use_pagination_carousel=\u00a0\u00bb\u00a0\u00bb use_prev_next_carousel=\u00a0\u00bbyes\u00a0\u00bb][gt3_spacing height=\u00a0\u00bb10px\u00a0\u00bb responsive_es=\u00a0\u00bbtrue\u00a0\u00bb height_size_sm_desktop=\u00a0\u00bb20px\u00a0\u00bb][\/vc_column][\/vc_row][vc_row full_width=\u00a0\u00bbstretch_row\u00a0\u00bb css=\u00a0\u00bb.vc_custom_1512540754818{margin-top: 0px !important;margin-bottom: 0px !important;border-top-width: 0px !important;border-bottom-width: 0px !important;padding-top: 0px !important;padding-bottom: 0px !important;background-image: url(http:\/\/hegmaconseils.com\/wp-content\/uploads\/2017\/12\/hegma-home-page4.jpg?id=12672) !important;background-position: center !important;background-repeat: no-repeat !important;background-size: cover !important;}\u00a0\u00bb][vc_column css=\u00a0\u00bb.vc_custom_1513033558190{margin-top: 0px !important;margin-bottom: 0px !important;border-top-width: 0px !important;border-bottom-width: 0px !important;padding-top: 0px !important;padding-right: 0px !important;padding-bottom: 0px !important;padding-left: 0px !important;}\u00a0\u00bb][vc_empty_space height=\u00a0\u00bb10px\u00a0\u00bb][vc_row_inner][vc_column_inner width=\u00a0\u00bb1\/8&Prime;][vc_empty_space][\/vc_column_inner][vc_column_inner width=\u00a0\u00bb3\/4&Prime; css=\u00a0\u00bb.vc_custom_1513033680312{margin-top: 0px !important;margin-bottom: 0px !important;padding-top: 0px !important;padding-right: 0px !important;padding-bottom: 0px !important;padding-left: 0px !important;}\u00a0\u00bb][vc_column_text]\n<h1 style=\"text-align: center;\"><span>Vous cherchez avant tout \u00e0 acheter, louer ou vendre votre logement ?<\/span><\/h1>\n[\/vc_column_text][vc_column_text][gt3_custom_text text_color=\u00a0\u00bb#555555&Prime;]\n<p><span>\u2022 Nous allons bien<strong> au-del\u00e0 des services<\/strong> habituels d&rsquo;une agence (promotion sur Internet, \u00e9valuation, photos, s\u00e9lection de candidats, visites&#8230;)<\/span><\/p>\n<p><span>\u2022 En tant qu&rsquo;<strong>experts<\/strong> en valeur v\u00e9nales, nous pouvons effectuer des <strong>\u00e9valuations multi-factorielles<\/strong> (r\u00e9gression, comparative, revenu, etc.\u00a0 ) <\/span><\/p>\n<p><span>\u2022 En tant qu&rsquo;intervenants sur toute l&rsquo;\u00cele de France depuis plus de 15 ans, autant sur les immeubles et logements, nous pouvons mettre en oeuvre des <strong>regroupements de parcelles<\/strong> et \u00e9tudier les PLU pour monter des dossiers de ventes pour des promoteurs<\/span><\/p>\n<p><span>\u2022 En tant que fondateur du C.S.I. \u00ab\u00a0<strong>Centre de Services Immobiliers<\/strong>\u00a0\u00bb \u00ae\u2122 nous pouvons vous accompagner sur une vente conflictuelle (ou un montage de SCI) <strong>avec nos avocats-conseils<\/strong>, vous accompagner dans <strong>le montage du financement<\/strong> (relais \u00e0 la vente ou pour l&rsquo;acquisition)<\/span><\/p>\n<p><span>\u2022 Nous pouvons aussi r\u00e9aliser une <strong>visite virtuelle<\/strong>, <b>une simulation 3D<\/b> apr\u00e8s r\u00e9novation, un diagnostic des am\u00e9liorations \u00e0 apporter.<\/span><\/p>\n<p><span>\u2022 Et plus encore ! : on peut <b>participer directement, humainement et financi\u00e8rement<\/b>, aux efforts pour atteindre le meilleur prix (nettoyage, conduite de travaux, range-meuble, d\u00e9m\u00e9nagement)<\/span><\/p>\n[\/gt3_custom_text][\/vc_column_text][\/vc_column_inner][vc_column_inner width=\u00a0\u00bb1\/8&Prime;][vc_empty_space][\/vc_column_inner][\/vc_row_inner][vc_empty_space height=\u00a0\u00bb20&Prime;][\/vc_column][\/vc_row]\n[vc_row full_width=\u00a0\u00bbstretch_row\u00a0\u00bb css=\u00a0\u00bb.vc_custom_1508408795713{background-color: #ffffff !important;}\u00a0\u00bb][vc_column][gt3_spacing height=\u00a0\u00bb20px\u00a0\u00bb][vc_column_text css=\u00a0\u00bb.vc_custom_1512541021779{margin-bottom: 0px !important;}\u00a0\u00bb]\n<h2 style=\"text-align: center;\">Quelques exemples de missions r\u00e9ussies r\u00e9centes<\/h2>\n[\/vc_column_text][gt3_custom_text text_color=\u00a0\u00bb\u00a0\u00bb font_size=\u00a0\u00bb18&Prime;]\n<p style=\"text-align: center;\">Voici quelques raisons de nous choisir pour votre future demeure<\/p>\n[\/gt3_custom_text][gt3_spacing height=\u00a0\u00bb10px\u00a0\u00bb][vc_row_inner][vc_column_inner width=\u00a0\u00bb1\/4&Prime; css=\u00a0\u00bb.vc_custom_1508409216596{padding-right: 30px !important;padding-left: 30px !important;}\u00a0\u00bb][gt3_icon_box icon_type=\u00a0\u00bbimage\u00a0\u00bb thumbnail=\u00a0\u00bb12701&Prime; icon_position=\u00a0\u00bbtop\u00a0\u00bb icon_size=\u00a0\u00bbcustom\u00a0\u00bb custom_icon_size=\u00a0\u00bb180&Prime; title_tag=\u00a0\u00bbh3&Prime; iconbox_title_size=\u00a0\u00bb20&Prime; title_color=\u00a0\u00bb#334e6f\u00a0\u00bb text_color=\u00a0\u00bb#8995a2&Prime; link_color=\u00a0\u00bb#28b8dc\u00a0\u00bb link_hover_color=\u00a0\u00bb#334e6f\u00a0\u00bb new_tab=\u00a0\u00bb\u00a0\u00bb icon_circle=\u00a0\u00bb\u00a0\u00bb icon_add_number=\u00a0\u00bb\u00a0\u00bb heading=\u00a0\u00bbTrouver un acheteur\u00a0\u00bb text=\u00a0\u00bbmieux-disant sur un bien pourtant d\u00e9j\u00e0 n\u00e9goci\u00e9 dans une autre agence \u00ab\u00a0][gt3_spacing height=\u00a0\u00bb70px\u00a0\u00bb][\/vc_column_inner][vc_column_inner width=\u00a0\u00bb1\/4&Prime; css=\u00a0\u00bb.vc_custom_1508411823940{padding-right: 30px !important;padding-left: 30px !important;}\u00a0\u00bb][gt3_icon_box icon_type=\u00a0\u00bbimage\u00a0\u00bb thumbnail=\u00a0\u00bb12702&Prime; icon_position=\u00a0\u00bbtop\u00a0\u00bb icon_size=\u00a0\u00bbcustom\u00a0\u00bb custom_icon_size=\u00a0\u00bb180&Prime; title_tag=\u00a0\u00bbh3&Prime; iconbox_title_size=\u00a0\u00bb20&Prime; title_color=\u00a0\u00bb#334e6f\u00a0\u00bb text_color=\u00a0\u00bb#8995a2&Prime; link_color=\u00a0\u00bb#28b8dc\u00a0\u00bb link_hover_color=\u00a0\u00bb#334e6f\u00a0\u00bb new_tab=\u00a0\u00bb\u00a0\u00bb icon_circle=\u00a0\u00bb\u00a0\u00bb icon_add_number=\u00a0\u00bb\u00a0\u00bb heading=\u00a0\u00bbTrouver une location\u00a0\u00bb text=\u00a0\u00bbcompatible aux exigences du rapprochement familial pour moins de 900\u20ac\/mois CC \u00ab\u00a0][gt3_spacing height=\u00a0\u00bb70px\u00a0\u00bb][\/vc_column_inner][vc_column_inner width=\u00a0\u00bb1\/4&Prime; css=\u00a0\u00bb.vc_custom_1508411835404{padding-right: 30px !important;padding-left: 30px !important;}\u00a0\u00bb][gt3_icon_box icon_type=\u00a0\u00bbimage\u00a0\u00bb thumbnail=\u00a0\u00bb12703&Prime; icon_position=\u00a0\u00bbtop\u00a0\u00bb icon_size=\u00a0\u00bbcustom\u00a0\u00bb custom_icon_size=\u00a0\u00bb180&Prime; title_tag=\u00a0\u00bbh3&Prime; iconbox_title_size=\u00a0\u00bb20&Prime; title_color=\u00a0\u00bb#334e6f\u00a0\u00bb text_color=\u00a0\u00bb#8995a2&Prime; link_color=\u00a0\u00bb#28b8dc\u00a0\u00bb link_hover_color=\u00a0\u00bb#334e6f\u00a0\u00bb new_tab=\u00a0\u00bb\u00a0\u00bb icon_circle=\u00a0\u00bb\u00a0\u00bb icon_add_number=\u00a0\u00bb\u00a0\u00bb heading=\u00a0\u00bbVendre des appartements\u00a0\u00bb text=\u00a0\u00bbdans Marne La Vall\u00e9e &amp; un pavillon en d\u00e9su\u00e9tude sur Villemomble\u00a0\u00bb][gt3_spacing height=\u00a0\u00bb70px\u00a0\u00bb][\/vc_column_inner][vc_column_inner width=\u00a0\u00bb1\/4&Prime;][gt3_icon_box icon_type=\u00a0\u00bbimage\u00a0\u00bb thumbnail=\u00a0\u00bb12700&Prime; icon_position=\u00a0\u00bbtop\u00a0\u00bb icon_size=\u00a0\u00bbcustom\u00a0\u00bb custom_icon_size=\u00a0\u00bb180&Prime; title_tag=\u00a0\u00bbh3&Prime; iconbox_title_size=\u00a0\u00bb20&Prime; title_color=\u00a0\u00bb#334e6f\u00a0\u00bb text_color=\u00a0\u00bb#8995a2&Prime; link_color=\u00a0\u00bb#28b8dc\u00a0\u00bb link_hover_color=\u00a0\u00bb#334e6f\u00a0\u00bb new_tab=\u00a0\u00bb\u00a0\u00bb icon_circle=\u00a0\u00bb\u00a0\u00bb icon_add_number=\u00a0\u00bb\u00a0\u00bb heading=\u00a0\u00bbObtenir le meilleur prix \u00a0\u00bb text=\u00a0\u00bbpour un particulier qui vendait son pavillon dans un quartier pr\u00e9empt\u00e9 par la Mairie de Cachan. \u00ab\u00a0][gt3_spacing height=\u00a0\u00bb70px\u00a0\u00bb][\/vc_column_inner][\/vc_row_inner][gt3_spacing height=\u00a0\u00bb40px\u00a0\u00bb][\/vc_column][\/vc_row]\n[vc_row full_width=\u00a0\u00bbstretch_row\u00a0\u00bb css=\u00a0\u00bb.vc_custom_1513566212226{background-image: url(http:\/\/hegmaconseils.com\/wp-content\/uploads\/2017\/12\/MOINSDE3.jpg?id=12728) !important;background-position: center !important;background-repeat: no-repeat !important;background-size: cover !important;}\u00a0\u00bb el_id=\u00a0\u00bbservices\u00a0\u00bb][vc_column][gt3_spacing height=\u00a0\u00bb120px\u00a0\u00bb responsive_es=\u00a0\u00bbtrue\u00a0\u00bb height_size_sm_desctop=\u00a0\u00bb90&Prime; height_mobile=\u00a0\u00bb70&Prime;][vc_row_inner][vc_column_inner width=\u00a0\u00bb5\/6&Prime; offset=\u00a0\u00bbvc_col-lg-offset-3 vc_col-lg-6 vc_col-md-offset-2 vc_col-md-8 vc_col-sm-offset-1&Prime;][gt3_custom_text text_color=\u00a0\u00bb#ffffff\u00a0\u00bb font_size=\u00a0\u00bb18&Prime; line_height=\u00a0\u00bb166&Prime; responsive_font=\u00a0\u00bbtrue\u00a0\u00bb font_size_mobile=\u00a0\u00bb14&Prime;]\n[vc_row full_width=\u00a0\u00bbstretch_row\u00a0\u00bb css=\u00a0\u00bb.vc_custom_1512545718013{margin-bottom: 0px !important;background-image: url(http:\/\/hegmaconseils.com\/wp-content\/uploads\/2017\/12\/05-3-1.jpg?id=12719) !important;background-position: center !important;background-repeat: no-repeat !important;background-size: cover !important;}\u00a0\u00bb][vc_column offset=\u00a0\u00bbvc_col-md-offset-1 vc_col-md-10&Prime; css=\u00a0\u00bb.vc_custom_1508505536567{padding-top: 0px !important;}\u00a0\u00bb][gt3_spacing height=\u00a0\u00bb20px\u00a0\u00bb responsive_es=\u00a0\u00bbtrue\u00a0\u00bb height_tablet=\u00a0\u00bb40&Prime;][vc_row_inner content_placement=\u00a0\u00bbmiddle\u00a0\u00bb][vc_column_inner width=\u00a0\u00bb3\/3&Prime;][vc_column_text css=\u00a0\u00bb.vc_custom_1512543004664{margin-bottom: 0px !important;}\u00a0\u00bb][gt3_custom_text text_color=\u00a0\u00bb#ffffff\u00a0\u00bb font_size=\u00a0\u00bb18&Prime;]\n<h2 style=\"text-align: center;\"><span style=\"font-family: hegma;\">Si vous avez des biens \u00e0 vendre ou \u00e0 louer en \u00cele de France: <\/span><span style=\"font-family: hegma;\">06 98 14 24 28<\/span><\/h2>\n<h3 style=\"text-align: center;\">Nous mobiliserons toutes nos \u00e9nergies pour votre r\u00e9ussite !<\/h3>\n<p style=\"text-align: center;\"><span style=\"font-size: 10pt;\">\u00ae\u2122 Les marques, logos et intitul\u00e9s \u00ab\u00a0Centre de Services Immobiliers\u00a0\u00bb et \u00ab\u00a0Hegma Conseils\u00a0\u00bb sont des marques d\u00e9pos\u00e9es \u00e0 l&rsquo;INPI et ne peuvent \u00eatre copi\u00e9es, exploit\u00e9es ou reprises sans accord explicite de notre part.<\/span><\/p>\n[\/gt3_custom_text][\/vc_column_inner][\/vc_row_inner][gt3_spacing height=\u00a0\u00bb60px\u00a0\u00bb responsive_es=\u00a0\u00bbtrue\u00a0\u00bb height_tablet=\u00a0\u00bb40&Prime;][\/vc_column][\/vc_row]\n","protected":false},"excerpt":{"rendered":"<p>Hegma Conseils met \u00e0 votre disposition un Centre de Services Immobiliers rassemblant autour de vos projets immobiliers des avocats, notaires, huissiers, architecte, entrepreneur, courtiers. Que ce soit une vente ou une acquisition, d&rsquo;une r\u00e9sidence ou d&rsquo;un immeuble ou un local commercial, un regroupement de parcelles ou un terrain nu. <\/p>\n","protected":false},"author":1,"featured_media":12701,"parent":0,"menu_order":0,"comment_status":"closed","ping_status":"closed","template":"","meta":[],"_links":{"self":[{"href":"https:\/\/hegmaconseils.com\/index.php?rest_route=\/wp\/v2\/pages\/11687"}],"collection":[{"href":"https:\/\/hegmaconseils.com\/index.php?rest_route=\/wp\/v2\/pages"}],"about":[{"href":"https:\/\/hegmaconseils.com\/index.php?rest_route=\/wp\/v2\/types\/page"}],"author":[{"embeddable":true,"href":"https:\/\/hegmaconseils.com\/index.php?rest_route=\/wp\/v2\/users\/1"}],"replies":[{"embeddable":true,"href":"https:\/\/hegmaconseils.com\/index.php?rest_route=%2Fwp%2Fv2%2Fcomments&post=11687"}],"version-history":[{"count":143,"href":"https:\/\/hegmaconseils.com\/index.php?rest_route=\/wp\/v2\/pages\/11687\/revisions"}],"predecessor-version":[{"id":13224,"href":"https:\/\/hegmaconseils.com\/index.php?rest_route=\/wp\/v2\/pages\/11687\/revisions\/13224"}],"wp:featuredmedia":[{"embeddable":true,"href":"https:\/\/hegmaconseils.com\/index.php?rest_route=\/wp\/v2\/media\/12701"}],"wp:attachment":[{"href":"https:\/\/hegmaconseils.com\/index.php?rest_route=%2Fwp%2Fv2%2Fmedia&parent=11687"}],"curies":[{"name":"wp","href":"https:\/\/api.w.org\/{rel}","templated":true}]}}